{"id":6641,"date":"2023-02-14T02:16:55","date_gmt":"2023-02-14T02:16:55","guid":{"rendered":"https:\/\/doidep.com\/?page_id=6641"},"modified":"2026-04-14T03:45:57","modified_gmt":"2026-04-14T03:45:57","slug":"chuoi-nghi-duong","status":"publish","type":"page","link":"https:\/\/doidep.com\/en\/chuoi-nghi-duong\/","title":{"rendered":"Resort Chain"},"content":{"rendered":"<div data-elementor-type=\"wp-page\" data-elementor-id=\"6641\" class=\"elementor elementor-6641\">\n\t\t\t\t\t\t\t\t\t<section class=\"elementor-section elementor-top-section elementor-element elementor-element-e6b394d elementor-section-boxed elementor-section-height-default elementor-section-height-default\" data-id=\"e6b394d\" data-element_type=\"section\">\n\t\t\t\t\t\t<div class=\"elementor-container elementor-column-gap-default\">\n\t\t\t\t\t<div class=\"elementor-column elementor-col-100 elementor-top-column elementor-element elementor-element-ecd57ee ot-flex-column-vertical\" data-id=\"ecd57ee\" data-element_type=\"column\">\n\t\t\t<div class=\"elementor-widget-wrap elementor-element-populated\">\n\t\t\t\t\t\t\t\t<div class=\"elementor-element elementor-element-fc44dad elementor-widget elementor-widget-text-editor\" data-id=\"fc44dad\" data-element_type=\"widget\" data-widget_type=\"text-editor.default\">\n\t\t\t\t<div class=\"elementor-widget-container\">\n\t\t\t<style>\/*! elementor - v3.6.7 - 03-07-2022 *\/\n.elementor-widget-text-editor.elementor-drop-cap-view-stacked .elementor-drop-cap{background-color:#818a91;color:#fff}.elementor-widget-text-editor.elementor-drop-cap-view-framed .elementor-drop-cap{color:#818a91;border:3px solid;background-color:transparent}.elementor-widget-text-editor:not(.elementor-drop-cap-view-default) .elementor-drop-cap{margin-top:8px}.elementor-widget-text-editor:not(.elementor-drop-cap-view-default) .elementor-drop-cap-letter{width:1em;height:1em}.elementor-widget-text-editor .elementor-drop-cap{float:left;text-align:center;line-height:1;font-size:50px}.elementor-widget-text-editor .elementor-drop-cap-letter{display:inline-block}<\/style>\t\t\t\t<p>Located among the green tea and coffee hills, the resort system offers a strangely relaxing space - where there is only the sound of the sea, the cool air of the forest and the gentle scent of the mountain town. When the outside world is constantly moving, Tea Resort is like a peaceful oasis, dedicated to those who want to pamper themselves and relax their souls.<\/p>\t\t\t\t\t\t<\/div>\n\t\t\t\t<\/div>\n\t\t\t\t\t<\/div>\n\t\t<\/div>\n\t\t\t\t\t\t\t<\/div>\n\t\t<\/section>\n\t\t\t\t<section class=\"elementor-section elementor-top-section elementor-element elementor-element-7e7c9c5 elementor-section-boxed elementor-section-height-default elementor-section-height-default\" data-id=\"7e7c9c5\" data-element_type=\"section\">\n\t\t\t\t\t\t<div class=\"elementor-container elementor-column-gap-default\">\n\t\t\t\t\t<div class=\"elementor-column elementor-col-66 elementor-top-column elementor-element elementor-element-69a405d ot-flex-column-vertical\" data-id=\"69a405d\" data-element_type=\"column\">\n\t\t\t<div class=\"elementor-widget-wrap elementor-element-populated\">\n\t\t\t\t\t\t\t\t<div class=\"elementor-element elementor-element-9f2d52b elementor-widget elementor-widget-text-editor\" data-id=\"9f2d52b\" data-element_type=\"widget\" data-widget_type=\"text-editor.default\">\n\t\t\t\t<div class=\"elementor-widget-container\">\n\t\t\t\t\t\t\t<h2 style=\"text-align: center;\"><a href=\"https:\/\/tearesort.doidep.com\/\"><span style=\"color: #25317a;\"><strong>Tea Resort Bao Loc<\/strong><\/span><\/a><\/h2>\n<p style=\"text-align: center;\"><span style=\"color: #000000;\">Every vision is aspirational<\/span><br><span style=\"color: #000000;\">Every moment is worth enjoying<br>Every holiday is a story<br>This is Tea Resort!<\/span><\/p>\n<p><span style=\"color: #000000;\">N\u1ebfu b\u1ea1n mu\u1ed1n t\u00ecm m\u1ed9t n\u01a1i C\u00c2N B\u1eb0NG \u2013 TH\u01af GI\u00c3N, B\u1ea3o L\u1ed9c ch\u1eafc ch\u1eafn l\u00e0 l\u1ef1a ch\u1ecdn l\u00fd t\u01b0\u1edfng b\u1edfi s\u1ef1 TR\u1eccN&nbsp;V\u1eb8N trong TR\u1ea2I NGHI\u1ec6M, s\u1ef1 c\u00e2n b\u1eb1ng TH\u00c2N \u2013 T\u00c2M \u2013 TR\u00cd \u0111\u1ea7y an t\u0129nh v\u1edbi kh\u00f4ng gian xanh m\u01b0\u1edbt, c\u00f3 n\u1eafng c\u00f3&nbsp;bi\u1ec3n v\u00e0 c\u00f3 gi\u00f3 m\u01a1n man nh\u00e8 nh\u1eb9<\/span><\/p>\n<p><span style=\"color: #000000;\">T\u1ecda l\u1ea1c gi\u1eefa l\u00f2ng B\u1ea3o L\u1ed9c, Tea Resort l\u00e0 \u0111i\u1ec3m du l\u1ecbch ch\u0103m s\u00f3c s\u1ee9c kh\u1ecfe n\u1ed5i ti\u1ebfng T\u00e2y Nguy\u00ean v\u1edbi c\u00e1c d\u1ecbch v\u1ee5 th\u01b0 gi\u00e3n \u0111\u1eb3ng c\u1ea5p: T\u1eafm th\u1ea3o d\u01b0\u1ee3c tr\u00e0 xanh, Spa, t\u1eafm bi\u1ec3n cao nguy\u00ean \u0111\u1ed9c \u0111\u00e1o. V\u1edbi l\u1ed1i ki\u1ebfn tr\u00fac m\u1ed9c sang tr\u1ecdng \u0111em \u0111\u1ebfn cho du kh\u00e1ch tr\u1ea3i nghi\u1ec7m kh\u00f3 qu\u00ean v\u1ec1 m\u1ed9t ch\u1ed1n&nbsp;<\/span><\/p>\n<div class=\"ddict_btn\" style=\"top: 219px; left: 228.828px;\">&nbsp;<\/div>\n<div class=\"ddict_btn\" style=\"top: 15px; left: 213.672px;\">&nbsp;<\/div>\t\t\t\t\t\t<\/div>\n\t\t\t\t<\/div>\n\t\t\t\t\t<\/div>\n\t\t<\/div>\n\t\t\t\t<div class=\"elementor-column elementor-col-33 elementor-top-column elementor-element elementor-element-c1fe19a ot-flex-column-vertical\" data-id=\"c1fe19a\" data-element_type=\"column\">\n\t\t\t<div class=\"elementor-widget-wrap elementor-element-populated\">\n\t\t\t\t\t\t\t\t<div class=\"elementor-element elementor-element-0cc8fc3 elementor-widget elementor-widget-image\" data-id=\"0cc8fc3\" data-element_type=\"widget\" data-widget_type=\"image.default\">\n\t\t\t\t<div class=\"elementor-widget-container\">\n\t\t\t<style>\/*! elementor - v3.6.7 - 03-07-2022 *\/\n.elementor-widget-image{text-align:center}.elementor-widget-image a{display:inline-block}.elementor-widget-image a img[src$=\".svg\"]{width:48px}.elementor-widget-image img{vertical-align:middle;display:inline-block}<\/style>\t\t\t\t\t\t\t\t\t\t\t\t<img decoding=\"async\" width=\"622\" height=\"601\" src=\"https:\/\/doidep.com\/wp-content\/uploads\/2022\/12\/images2430494_doi_dep_hinh_2.png\" class=\"attachment-large size-large\" alt=\"\" srcset=\"https:\/\/doidep.com\/wp-content\/uploads\/2022\/12\/images2430494_doi_dep_hinh_2.png 622w, https:\/\/doidep.com\/wp-content\/uploads\/2022\/12\/images2430494_doi_dep_hinh_2-600x580.png 600w\" sizes=\"(max-width: 622px) 100vw, 622px\">\t\t\t\t\t\t\t\t\t\t\t\t\t\t\t<\/div>\n\t\t\t\t<\/div>\n\t\t\t\t\t<\/div>\n\t\t<\/div>\n\t\t\t\t\t\t\t<\/div>\n\t\t<\/section>\n\t\t\t\t<section class=\"elementor-section elementor-top-section elementor-element elementor-element-f34bc81 elementor-section-boxed elementor-section-height-default elementor-section-height-default\" data-id=\"f34bc81\" data-element_type=\"section\">\n\t\t\t\t\t\t<div class=\"elementor-container elementor-column-gap-default\">\n\t\t\t\t\t<div class=\"elementor-column elementor-col-33 elementor-top-column elementor-element elementor-element-500500c ot-flex-column-vertical\" data-id=\"500500c\" data-element_type=\"column\">\n\t\t\t<div class=\"elementor-widget-wrap elementor-element-populated\">\n\t\t\t\t\t\t\t\t<div class=\"elementor-element elementor-element-e7b2f55 elementor-widget elementor-widget-image\" data-id=\"e7b2f55\" data-element_type=\"widget\" data-widget_type=\"image.default\">\n\t\t\t\t<div class=\"elementor-widget-container\">\n\t\t\t\t\t\t\t\t\t\t\t\t\t\t\t<img decoding=\"async\" width=\"1024\" height=\"743\" src=\"https:\/\/doidep.com\/wp-content\/uploads\/2019\/11\/275939414_496651438798391_1556854082930396543_n.jpg\" class=\"attachment-large size-large\" alt=\"\">\t\t\t\t\t\t\t\t\t\t\t\t\t\t\t<\/div>\n\t\t\t\t<\/div>\n\t\t\t\t\t<\/div>\n\t\t<\/div>\n\t\t\t\t<div class=\"elementor-column elementor-col-66 elementor-top-column elementor-element elementor-element-2a61591 ot-flex-column-vertical\" data-id=\"2a61591\" data-element_type=\"column\">\n\t\t\t<div class=\"elementor-widget-wrap elementor-element-populated\">\n\t\t\t\t\t\t\t\t<div class=\"elementor-element elementor-element-01ae3fa elementor-widget elementor-widget-text-editor\" data-id=\"01ae3fa\" data-element_type=\"widget\" data-widget_type=\"text-editor.default\">\n\t\t\t\t<div class=\"elementor-widget-container\">\n\t\t\t\t\t\t\t<h2 style=\"text-align: center;\"><a href=\"https:\/\/teabobla.com\" rel=\"nofollow noopener\" target=\"_blank\"><span style=\"color: #25317a;\"><strong>Tea Bobla Waterfall<\/strong><\/span><\/a><\/h2><p>Located on Highway 20, center of Di Linh town - Lam Dong Province, Tea Bobla Waterfall is as beautiful as a natural picture with a pristine, majestic waterfall over 40m high, over 20m wide, and a wonderfully embellished landscape. beautiful, preserving many ancient trees hundreds of years old, in the distance as far as the eye can see are cool green tea and coffee hills, a destination not to be missed in Di Linh.<\/p><p>Coming to Tea Bobla Waterfall, visitors can immerse themselves in the lush green space, enjoy the fresh, cool air of the Central Highlands, watch wild animals, and relax while feeding the fish. , or enjoy taking beautiful photos with &quot;millions of virtual living angles&quot;...Tea Bobla Waterfall is definitely the ideal place for sightseeing, weekend picnics, or team building for agencies and organizations...<\/p><div class=\"ddict_btn\" style=\"top: 26px; left: 193.375px;\">\u00a0<\/div><div class=\"ddict_btn\" style=\"top: 21px; left: 212.188px;\">\u00a0<\/div>\t\t\t\t\t\t<\/div>\n\t\t\t\t<\/div>\n\t\t\t\t\t<\/div>\n\t\t<\/div>\n\t\t\t\t\t\t\t<\/div>\n\t\t<\/section>\n\t\t\t\t<section class=\"elementor-section elementor-top-section elementor-element elementor-element-577df0e elementor-section-boxed elementor-section-height-default elementor-section-height-default\" data-id=\"577df0e\" data-element_type=\"section\">\n\t\t\t\t\t\t<div class=\"elementor-container elementor-column-gap-default\">\n\t\t\t\t\t<div class=\"elementor-column elementor-col-66 elementor-top-column elementor-element elementor-element-5312817 ot-flex-column-vertical\" data-id=\"5312817\" data-element_type=\"column\">\n\t\t\t<div class=\"elementor-widget-wrap elementor-element-populated\">\n\t\t\t\t\t\t\t\t<div class=\"elementor-element elementor-element-aab4f90 elementor-widget elementor-widget-text-editor\" data-id=\"aab4f90\" data-element_type=\"widget\" data-widget_type=\"text-editor.default\">\n\t\t\t\t<div class=\"elementor-widget-container\">\n\t\t\t\t\t\t\t<h2 style=\"text-align: center;\"><a href=\"https:\/\/tearesortprenn.doidep.com\/\"><span style=\"color: #25317a;\"><strong>Tea Resort Prenn<\/strong><\/span><\/a><\/h2><p>&quot;Water has roots, trees have sources&quot;, the roots of the Vietnamese nation have been forged over time by the two words &quot;compatriots&quot;, associated with the legends of Lac Long Quan and Au Co, associated with the state of Van Lang, the The first country in history was born and developed on the foundation of the brilliant Son Vi culture.\u00a0<\/p><p style=\"text-align: center;\"><span style=\"color: var( --e-global-color-text );\">Phoenix Mountain&#039;s children and grandchildren converge <br \/><\/span>Paying homage to Heaven and Earth, Father Lac Hong\u00a0<br \/>The river echoes with the sound of bronze drums<br \/>Thank you for founding the country, the Dragon and the Fairy<\/p><p>Located right at the gateway to the romantic Da Lat city, Tea Resort Prenn is a famous spiritual eco-tourism area of the Central Highlands with a majestic waterfall located in the remaining primeval forest in romantic Da Lat. And in particular, the tourist attraction converges because this is the famous sacred Hung Temple relic site located on the top of Phuong Hoang Mountain. Legend has it that this place was chosen as the land to set up the temple because of the Elephant kneeling - the Tiger prostrate - the Dragon hiding, the spiritual energy converges, the dragon vein protects the country with thousands of spiritual energy to ask for prosperity from the ancestors to pray for Luck for Lac Viet&#039;s descendants.<\/p><div class=\"ddict_btn\" style=\"top: 560px; left: 224.375px;\">\u00a0<\/div><div class=\"ddict_btn\" style=\"top: 22px; left: 134.516px;\">\u00a0<\/div><div class=\"ddict_btn\" style=\"top: 33px; left: 202.562px;\">\u00a0<\/div>\t\t\t\t\t\t<\/div>\n\t\t\t\t<\/div>\n\t\t\t\t\t<\/div>\n\t\t<\/div>\n\t\t\t\t<div class=\"elementor-column elementor-col-33 elementor-top-column elementor-element elementor-element-a20a954 ot-flex-column-vertical\" data-id=\"a20a954\" data-element_type=\"column\">\n\t\t\t<div class=\"elementor-widget-wrap elementor-element-populated\">\n\t\t\t\t\t\t\t\t<div class=\"elementor-element elementor-element-28ddb57 elementor-widget elementor-widget-image\" data-id=\"28ddb57\" data-element_type=\"widget\" data-widget_type=\"image.default\">\n\t\t\t\t<div class=\"elementor-widget-container\">\n\t\t\t\t\t\t\t\t\t\t\t\t\t\t\t<img decoding=\"async\" width=\"720\" height=\"405\" src=\"https:\/\/doidep.com\/wp-content\/uploads\/2022\/10\/3191576017836691.jpg\" class=\"attachment-large size-large\" alt=\"\">\t\t\t\t\t\t\t\t\t\t\t\t\t\t\t<\/div>\n\t\t\t\t<\/div>\n\t\t\t\t<div class=\"elementor-element elementor-element-19ec9b6 elementor-widget elementor-widget-image-carousel\" data-id=\"19ec9b6\" data-element_type=\"widget\" data-settings=\"{&quot;slides_to_scroll&quot;:&quot;4&quot;,&quot;navigation&quot;:&quot;none&quot;,&quot;lazyload&quot;:&quot;yes&quot;,&quot;autoplay_speed&quot;:3000,&quot;autoplay&quot;:&quot;yes&quot;,&quot;pause_on_hover&quot;:&quot;yes&quot;,&quot;pause_on_interaction&quot;:&quot;yes&quot;,&quot;infinite&quot;:&quot;yes&quot;,&quot;speed&quot;:500}\" data-widget_type=\"image-carousel.default\">\n\t\t\t\t<div class=\"elementor-widget-container\">\n\t\t\t<style>\/*! elementor - v3.6.7 - 03-07-2022 *\/\n.elementor-widget-image-carousel .swiper-container{position:static}.elementor-widget-image-carousel .swiper-container .swiper-slide figure{line-height:inherit}.elementor-widget-image-carousel .swiper-slide{text-align:center}.elementor-image-carousel-wrapper:not(.swiper-container-initialized) .swiper-slide{max-width:calc(100% \/ var(--e-image-carousel-slides-to-show, 3))}<\/style>\t\t<div class=\"elementor-image-carousel-wrapper swiper-container\" dir=\"ltr\">\n\t\t\t<div class=\"elementor-image-carousel swiper-wrapper\">\n\t\t\t\t\t\t\t\t<div class=\"swiper-slide\"><figure class=\"swiper-slide-inner\"><img class=\"swiper-slide-image swiper-lazy\" data-src=\"https:\/\/doidep.com\/wp-content\/uploads\/2023\/02\/IMG_2146-1024x683.jpg\" alt=\"IMG_2146\" \/><div class=\"swiper-lazy-preloader\"><\/div><\/figure><\/div><div class=\"swiper-slide\"><figure class=\"swiper-slide-inner\"><img class=\"swiper-slide-image swiper-lazy\" data-src=\"https:\/\/doidep.com\/wp-content\/uploads\/2023\/02\/IMG_2168-1024x683.jpg\" alt=\"IMG_2168\" \/><div class=\"swiper-lazy-preloader\"><\/div><\/figure><\/div><div class=\"swiper-slide\"><figure class=\"swiper-slide-inner\"><img class=\"swiper-slide-image swiper-lazy\" data-src=\"https:\/\/doidep.com\/wp-content\/uploads\/2023\/02\/IMG_2181-1024x683.jpg\" alt=\"IMG_2181\" \/><div class=\"swiper-lazy-preloader\"><\/div><\/figure><\/div><div class=\"swiper-slide\"><figure class=\"swiper-slide-inner\"><img class=\"swiper-slide-image swiper-lazy\" data-src=\"https:\/\/doidep.com\/wp-content\/uploads\/2023\/02\/z3299071860267_ed833483192370e080f6e501844957f4-scaled-1-1024x660.jpg\" alt=\"z3299071860267_ed833483192370e080f6e501844957f4-scaled\" \/><div class=\"swiper-lazy-preloader\"><\/div><\/figure><\/div><div class=\"swiper-slide\"><figure class=\"swiper-slide-inner\"><img class=\"swiper-slide-image swiper-lazy\" data-src=\"https:\/\/doidep.com\/wp-content\/uploads\/2023\/02\/IMG_2527-1024x683.jpg\" alt=\"IMG_2527\" \/><div class=\"swiper-lazy-preloader\"><\/div><\/figure><\/div>\t\t\t<\/div>\n\t\t\t\t\t\t\t\t\t\t\t\t\t\t\t\t<\/div>\n\t\t\t\t<\/div>\n\t\t\t\t<\/div>\n\t\t\t\t\t<\/div>\n\t\t<\/div>\n\t\t\t\t\t\t\t<\/div>\n\t\t<\/section>\n\t\t\t\t\t\t\t<\/div>","protected":false},"excerpt":{"rendered":"<p>Located among the green tea and coffee hills, the resort system offers a strangely relaxing space - where there is only the sound of the sea, the cool air of the forest and the gentle scent of the mountain town. As the outside world continues to move non-stop, [...]<\/p>","protected":false},"author":1,"featured_media":0,"parent":0,"menu_order":0,"comment_status":"closed","ping_status":"closed","template":"","meta":{"inline_featured_image":false,"footnotes":""},"class_list":["post-6641","page","type-page","status-publish","hentry"],"_links":{"self":[{"href":"https:\/\/doidep.com\/en\/wp-json\/wp\/v2\/pages\/6641","targetHints":{"allow":["GET"]}}],"collection":[{"href":"https:\/\/doidep.com\/en\/wp-json\/wp\/v2\/pages"}],"about":[{"href":"https:\/\/doidep.com\/en\/wp-json\/wp\/v2\/types\/page"}],"author":[{"embeddable":true,"href":"https:\/\/doidep.com\/en\/wp-json\/wp\/v2\/users\/1"}],"replies":[{"embeddable":true,"href":"https:\/\/doidep.com\/en\/wp-json\/wp\/v2\/comments?post=6641"}],"version-history":[{"count":53,"href":"https:\/\/doidep.com\/en\/wp-json\/wp\/v2\/pages\/6641\/revisions"}],"predecessor-version":[{"id":9827,"href":"https:\/\/doidep.com\/en\/wp-json\/wp\/v2\/pages\/6641\/revisions\/9827"}],"wp:attachment":[{"href":"https:\/\/doidep.com\/en\/wp-json\/wp\/v2\/media?parent=6641"}],"curies":[{"name":"wp","href":"https:\/\/api.w.org\/{rel}","templated":true}]}}